{"id":3,"date":"2021-05-25T09:58:10","date_gmt":"2021-05-25T07:58:10","guid":{"rendered":"http:\/\/beep-mobility.at\/?page_id=3"},"modified":"2026-04-10T14:09:00","modified_gmt":"2026-04-10T12:09:00","slug":"impressum","status":"publish","type":"page","link":"https:\/\/beep-mobility.at\/en\/impressum\/","title":{"rendered":"Legal Notice"},"content":{"rendered":"<h2>\n\t\t\tIMPRESSUM\t<\/h2>\n\t<p>Informationspflicht laut \u00a75 E-Commerce Gesetz, \u00a714 Unternehmensgesetzbuch, \u00a763 Gewerbeordnung und Offenlegungspflicht laut \u00a725 Mediengesetz.<\/p>\n<strong>BEEP Mobility GmbH<\/strong><br \/>\nIndustriestra\u00dfe 3,<br \/>\n3300 Amstetten,<br \/>\n\u00d6sterreich\n<strong>UID-Nummer:<\/strong> ATU76918356<br \/>\n<strong>Firmenbuchnummer:<\/strong> 557062i<br \/>\n<strong>Firmenbuchgericht:<\/strong> St. P\u00f6lten<br \/>\n<strong>Firmensitz:<\/strong> 3300 Amstetten\n<strong>Tel.:<\/strong> +43 7472 930 82<br \/>\n<strong>E-Mail:<\/strong> <a href=\"mailto:office@beep-mobility.at\">office@beep-mobility.at<\/a>\n<strong>Mitglied bei:<\/strong> WKO<br \/>\n<strong>Berufsrecht:<\/strong> Gewerbeordnung: www.ris.bka.gv.at\n<strong>Aufsichtsbeh\u00f6rde\/Gewerbebeh\u00f6rde:<\/strong> Bezirkshauptmannschaft Amstetten<br \/>\n<strong>Verleihungsstaat:<\/strong> \u00d6sterreich\n<strong>Gesch\u00e4ftsf\u00fchrer<\/strong><br \/>\nReinhard Entner, Bernhard Brandstetter\n<strong>Kontaktdaten des Verantwortlichen f\u00fcr Datenschutz<\/strong><br \/>\nSollten Sie Fragen zum Datenschutz haben, finden Sie nachfolgend die Kontaktdaten der verantwortlichen Person bzw. Stelle:<br \/>\nBEEP Mobility GmbH<br \/>\nIndustriestra\u00dfe 3, 3300 Amstetten<br \/>\nVertretungsberechtigt: Reinhard Entner<br \/>\nE-Mail-Adresse: <a href=\"\/en\/office@beep-mobility.at\/\">office@beep-mobility.at<\/a><br \/>\nTelefon: <a href=\"tel:+43747293082\" target=\"_blank\" rel=\"noopener\">+43 7472 930 82<\/a>\n<p>&nbsp;<\/p>\n<h2 id=\"eu-streitschlichtung\">EU-Streitschlichtung<\/h2>\nWir sind nicht verpflichtet, an Streitbeilegungsverfahren vor einer Verbraucherschlichtungsstelle teilzunehmen und nehmen an solchen Verfahren auch nicht teil.<br \/>\nVerbraucher haben jedoch die M\u00f6glichkeit, sich bei Streitigkeiten an die nationale Schlichtungsstelle oder an die zust\u00e4ndigen Aufsichts- und Beschwerdestellen zu wenden.\n<p>&nbsp;<\/p>\n<h2 id=\"haftung-fuer-inhalte-dieser-webseite\">Haftung f\u00fcr Inhalte dieser Website<\/h2>\n<p>Wir entwickeln die Inhalte dieser Webseite st\u00e4ndig weiter und bem\u00fchen uns korrekte und aktuelle Informationen bereitzustellen. \u00a0Leider k\u00f6nnen wir keine Haftung f\u00fcr die Korrektheit aller Inhalte auf dieser Website \u00fcbernehmen, speziell f\u00fcr jene, die seitens Dritter bereitgestellt wurden. Als Diensteanbieter sind wir nicht verpflichtet, die von ihnen \u00fcbermittelten oder gespeicherten Informationen zu \u00fcberwachen oder nach Umst\u00e4nden zu forschen, die auf eine rechtswidrige T\u00e4tigkeit hinweisen.<\/p>\n<p>Unsere Verpflichtungen zur Entfernung von Informationen oder zur Sperrung der Nutzung von Informationen nach den allgemeinen Gesetzen aufgrund von gerichtlichen oder beh\u00f6rdlichen Anordnungen bleiben auch im Falle unserer Nichtverantwortlichkeit davon unber\u00fchrt.<\/p>\n<p>Sollten Ihnen problematische oder rechtswidrige Inhalte auffallen, bitte wir Sie uns umgehend zu kontaktieren, damit wir die rechtswidrigen Inhalte entfernen k\u00f6nnen. Sie finden die Kontaktdaten im Impressum.<\/p>\n<h2 id=\"haftung-links-webseite\">Haftung f\u00fcr Links auf dieser Webseite<\/h2>\n<p>Unsere Webseite enth\u00e4lt Links zu anderen Webseiten f\u00fcr deren Inhalt wir nicht verantwortlich sind. Haftung f\u00fcr verlinkte Websites besteht f\u00fcr uns nicht, da wir keine Kenntnis rechtswidriger T\u00e4tigkeiten hatten und haben, uns solche Rechtswidrigkeiten auch bisher nicht aufgefallen sind und wir Links sofort entfernen w\u00fcrden, wenn uns Rechtswidrigkeiten bekannt werden.<\/p>\n<p>Wenn Ihnen rechtswidrige Links auf unserer Website auffallen, bitte wir Sie uns zu kontaktieren. Sie finden die Kontaktdaten im Impressum.<\/p>\n<h2 id=\"urheberrechtshinweis\">Urheberrechtshinweis<\/h2>\n<p>Alle Inhalte dieser Webseite (Bilder, Fotos, Texte, Videos) unterliegen dem Urheberrecht. Bitte fragen Sie uns bevor Sie die Inhalte dieser Website verbreiten, vervielf\u00e4ltigen oder verwerten wie zum Beispiel auf anderen Websites erneut ver\u00f6ffentlichen. Falls notwendig, werden wir die unerlaubte Nutzung von Teilen der Inhalte unserer Seite rechtlich verfolgen.<\/p>\n<p>Sollten Sie auf dieser Webseite Inhalte finden, die das Urheberrecht verletzen, bitten wir Sie uns zu kontaktieren.<\/p>\n<h2 id=\"bildernachweis\">Bildernachweis<\/h2>\n<p>Die Bilder, Fotos und Grafiken auf dieser Webseite sind urheberrechtlich gesch\u00fctzt.<\/p>\n<p>Die Bilderrechte liegen bei den folgenden Fotografen und Unternehmen:<\/p>\n<ul>\n<li>Privat<\/li>\n<li><a href=\"https:\/\/www.shutterstock.com\" target=\"_blank\" rel=\"noopener\">shutterstock.com<\/a><\/li>\n<\/ul>\n<p>&nbsp;<\/p>\n<p>&nbsp;<\/p>\nAlle Texte sind urheberrechtlich gesch\u00fctzt.<br \/>\nQuelle: Erstellt mit dem <a title=\"Impressum Generator von AdSimple\" href=\"https:\/\/www.adsimple.at\/impressum-generator\/\" target=\"_blank\" rel=\"noopener\">Impressum Generator<\/a> von AdSimple","protected":false},"excerpt":{"rendered":"<p>IMPRESSUM Informationspflicht laut \u00a75 E-Commerce Gesetz, \u00a714 Unternehmensgesetzbuch, \u00a763 Gewerbeordnung und Offenlegungspflicht laut \u00a725 Mediengesetz. BEEP Mobility GmbH Industriestra\u00dfe 3, 3300 Amstetten, \u00d6sterreich UID-Nummer: ATU76918356 Firmenbuchnummer: 557062i Firmenbuchgericht: St. P\u00f6lten Firmensitz: 3300 Amstetten Tel.: +43 7472 930 82 E-Mail: office@beep-mobility.at Mitglied bei: WKO Berufsrecht: Gewerbeordnung: www.ris.bka.gv.at Aufsichtsbeh\u00f6rde\/Gewerbebeh\u00f6rde: Bezirkshauptmannschaft Amstetten Verleihungsstaat: \u00d6sterreich Gesch\u00e4ftsf\u00fchrer Reinhard Entner, Bernhard&hellip;<\/p>","protected":false},"author":4,"featured_media":0,"parent":0,"menu_order":0,"comment_status":"closed","ping_status":"closed","template":"","meta":{"footnotes":""},"class_list":["post-3","page","type-page","status-publish","hentry"],"aioseo_notices":[],"jetpack_sharing_enabled":true,"_links":{"self":[{"href":"https:\/\/beep-mobility.at\/en\/wp-json\/wp\/v2\/pages\/3","targetHints":{"allow":["GET"]}}],"collection":[{"href":"https:\/\/beep-mobility.at\/en\/wp-json\/wp\/v2\/pages"}],"about":[{"href":"https:\/\/beep-mobility.at\/en\/wp-json\/wp\/v2\/types\/page"}],"author":[{"embeddable":true,"href":"https:\/\/beep-mobility.at\/en\/wp-json\/wp\/v2\/users\/4"}],"replies":[{"embeddable":true,"href":"https:\/\/beep-mobility.at\/en\/wp-json\/wp\/v2\/comments?post=3"}],"version-history":[{"count":11,"href":"https:\/\/beep-mobility.at\/en\/wp-json\/wp\/v2\/pages\/3\/revisions"}],"predecessor-version":[{"id":1270,"href":"https:\/\/beep-mobility.at\/en\/wp-json\/wp\/v2\/pages\/3\/revisions\/1270"}],"wp:attachment":[{"href":"https:\/\/beep-mobility.at\/en\/wp-json\/wp\/v2\/media?parent=3"}],"curies":[{"name":"wp","href":"https:\/\/api.w.org\/{rel}","templated":true}]}}